{"id":775,"date":"2013-12-28T12:50:33","date_gmt":"2013-12-28T10:50:33","guid":{"rendered":"http:\/\/www.tobias-elsner.com\/wordpress\/?page_id=775"},"modified":"2018-08-07T14:32:54","modified_gmt":"2018-08-07T12:32:54","slug":"home","status":"publish","type":"page","link":"https:\/\/www.tobias-elsner.com\/","title":{"rendered":"Home"},"content":{"rendered":"<div class=\"twoclick_social_bookmarks_post_775 social_share_privacy clearfix 1.6.4 locale-de_DE sprite-de_DE\"><\/div><div class=\"twoclick-js\"><script type=\"text\/javascript\">\/* <![CDATA[ *\/\njQuery(document).ready(function($){if($('.twoclick_social_bookmarks_post_775')){$('.twoclick_social_bookmarks_post_775').socialSharePrivacy({\"services\":{\"facebook\":{\"status\":\"on\",\"txt_info\":\"2 Klicks f\\u00fcr mehr Datenschutz: Erst wenn Sie hier klicken, wird der Button aktiv und Sie k\\u00f6nnen Ihre Empfehlung an Facebook senden. Schon beim Aktivieren werden Daten an Dritte \\u00fcbertragen - siehe <em>i<\\\/em>.\",\"perma_option\":\"off\",\"action\":\"like\",\"language\":\"de_DE\"}},\"txt_help\":\"Wenn Sie diese Felder durch einen Klick aktivieren, werden Informationen an Facebook, Twitter, Flattr, Xing, t3n, LinkedIn, Pinterest oder Google eventuell ins Ausland \\u00fcbertragen und unter Umst\\u00e4nden auch dort gespeichert. N\\u00e4heres erfahren Sie durch einen Klick auf das <em>i<\\\/em>.\",\"settings_perma\":\"Dauerhaft aktivieren und Daten\\u00fcber-tragung zustimmen:\",\"info_link\":\"http:\\\/\\\/www.heise.de\\\/ct\\\/artikel\\\/2-Klicks-fuer-mehr-Datenschutz-1333879.html\",\"uri\":\"https:\\\/\\\/www.tobias-elsner.com\\\/\",\"post_id\":775,\"post_title_referrer_track\":\"Home\",\"display_infobox\":\"on\"});}});\n\/* ]]> *\/<\/script><\/div><p>Hallo zusammen,<\/p>\n<p>ihr seid auf meiner privaten Fotoseite gelandet und hoffe euch gefallen meine Bilder.<br \/>\nSollte dies der Fall sein, w\u00fcrde ich mich freuen, wenn ihr es mich wissen lasst.<\/p>\n<p>Die Rechte von den Bildern liegen alle bei mir. Solltet ihr eins verwenden wollen, dann fragt bei mir an und ich werde entscheiden, ob ich euch die Genehmigung erteile.<\/p>\n<p>Sollte sich jemand auf den Bildern wieder erkennen und nicht mit dem Ver\u00f6ffentlichen auf der Seite einverstanden sein, dann sagt mir Bitte Bescheid und ich werde es hier umgehend l\u00f6schen.<\/p>\n<p>Ich w\u00fcnsche euch auf jeden Fall viel Spa\u00df beim st\u00f6bern.<\/p>\n<p>Gr\u00fc\u00dfe euer Tobias<\/p>\n","protected":false},"excerpt":{"rendered":"<p>Hallo zusammen, ihr seid auf meiner privaten Fotoseite gelandet und hoffe euch gefallen meine Bilder. Sollte dies der Fall sein, w\u00fcrde ich mich freuen, wenn ihr es mich wissen lasst. Die Rechte von den Bildern liegen alle bei mir. Solltet ihr eins verwenden wollen, dann fragt bei mir an und ich werde entscheiden, ob ich [&hellip;]<\/p>\n","protected":false},"author":1,"featured_media":0,"parent":0,"menu_order":1,"comment_status":"open","ping_status":"closed","template":"","meta":{"ngg_post_thumbnail":0,"footnotes":""},"class_list":["post-775","page","type-page","status-publish","hentry"],"jetpack_shortlink":"https:\/\/wp.me\/P6pYr2-cv","jetpack_sharing_enabled":true,"_links":{"self":[{"href":"https:\/\/www.tobias-elsner.com\/index.php?rest_route=\/wp\/v2\/pages\/775","targetHints":{"allow":["GET"]}}],"collection":[{"href":"https:\/\/www.tobias-elsner.com\/index.php?rest_route=\/wp\/v2\/pages"}],"about":[{"href":"https:\/\/www.tobias-elsner.com\/index.php?rest_route=\/wp\/v2\/types\/page"}],"author":[{"embeddable":true,"href":"https:\/\/www.tobias-elsner.com\/index.php?rest_route=\/wp\/v2\/users\/1"}],"replies":[{"embeddable":true,"href":"https:\/\/www.tobias-elsner.com\/index.php?rest_route=%2Fwp%2Fv2%2Fcomments&post=775"}],"version-history":[{"count":23,"href":"https:\/\/www.tobias-elsner.com\/index.php?rest_route=\/wp\/v2\/pages\/775\/revisions"}],"predecessor-version":[{"id":3225,"href":"https:\/\/www.tobias-elsner.com\/index.php?rest_route=\/wp\/v2\/pages\/775\/revisions\/3225"}],"wp:attachment":[{"href":"https:\/\/www.tobias-elsner.com\/index.php?rest_route=%2Fwp%2Fv2%2Fmedia&parent=775"}],"curies":[{"name":"wp","href":"https:\/\/api.w.org\/{rel}","templated":true}]}}