{"id":2059,"date":"2014-02-26T22:09:35","date_gmt":"2014-02-26T20:09:35","guid":{"rendered":"http:\/\/www.tobias-elsner.com\/wordpress\/?page_id=2059"},"modified":"2014-06-22T19:14:54","modified_gmt":"2014-06-22T17:14:54","slug":"motorrad","status":"publish","type":"page","link":"https:\/\/www.tobias-elsner.com\/?page_id=2059","title":{"rendered":"Motorrad"},"content":{"rendered":"<div class=\"twoclick_social_bookmarks_post_2059 social_share_privacy clearfix 1.6.4 locale-de_DE sprite-de_DE\"><\/div><div class=\"twoclick-js\"><script type=\"text\/javascript\">\/* <![CDATA[ *\/\njQuery(document).ready(function($){if($('.twoclick_social_bookmarks_post_2059')){$('.twoclick_social_bookmarks_post_2059').socialSharePrivacy({\"services\":{\"facebook\":{\"status\":\"on\",\"txt_info\":\"2 Klicks f\\u00fcr mehr Datenschutz: Erst wenn Sie hier klicken, wird der Button aktiv und Sie k\\u00f6nnen Ihre Empfehlung an Facebook senden. Schon beim Aktivieren werden Daten an Dritte \\u00fcbertragen - siehe <em>i<\\\/em>.\",\"perma_option\":\"off\",\"action\":\"like\",\"language\":\"de_DE\"}},\"txt_help\":\"Wenn Sie diese Felder durch einen Klick aktivieren, werden Informationen an Facebook, Twitter, Flattr, Xing, t3n, LinkedIn, Pinterest oder Google eventuell ins Ausland \\u00fcbertragen und unter Umst\\u00e4nden auch dort gespeichert. N\\u00e4heres erfahren Sie durch einen Klick auf das <em>i<\\\/em>.\",\"settings_perma\":\"Dauerhaft aktivieren und Daten\\u00fcber-tragung zustimmen:\",\"info_link\":\"http:\\\/\\\/www.heise.de\\\/ct\\\/artikel\\\/2-Klicks-fuer-mehr-Datenschutz-1333879.html\",\"uri\":\"https:\\\/\\\/www.tobias-elsner.com\\\/?page_id=2059\",\"post_id\":2059,\"post_title_referrer_track\":\"Motorrad\",\"display_infobox\":\"on\"});}});\n\/* ]]> *\/<\/script><\/div><p>Hallo zusammen,<\/p>\n<p>hier werden von Zeit zu Zeit einige Motorrad-Bilder gezeigt,<\/p>\n<p>die auf Touren oder Messen entstehen.<\/p>\n<p>Einige Galerien werden f\u00fcr alle sichtbar sein, aber es wird auch Passwort gesch\u00fctzte Seiten geben.<\/p>\n<p>Dieses Passwort wird von mir nur pers\u00f6nlich vergeben.<\/p>\n<p><a href=\"http:\/\/www.tobias-elsner.com\/wp-content\/uploads\/2014\/02\/cote_d_azur_2012-Nr.134.jpg\"><img loading=\"lazy\" decoding=\"async\" class=\"alignnone size-medium wp-image-2120\" alt=\"Exif_JPEG_PICTURE\" src=\"http:\/\/www.tobias-elsner.com\/wp-content\/uploads\/2014\/02\/cote_d_azur_2012-Nr.134-300x225.jpg\" width=\"300\" height=\"225\" srcset=\"https:\/\/www.tobias-elsner.com\/wp-content\/uploads\/2014\/02\/cote_d_azur_2012-Nr.134-300x225.jpg 300w, https:\/\/www.tobias-elsner.com\/wp-content\/uploads\/2014\/02\/cote_d_azur_2012-Nr.134-640x480.jpg 640w, https:\/\/www.tobias-elsner.com\/wp-content\/uploads\/2014\/02\/cote_d_azur_2012-Nr.134-780x585.jpg 780w, https:\/\/www.tobias-elsner.com\/wp-content\/uploads\/2014\/02\/cote_d_azur_2012-Nr.134.jpg 1024w\" sizes=\"auto, (max-width: 300px) 100vw, 300px\" \/><\/a> <a href=\"http:\/\/www.tobias-elsner.com\/wp-content\/uploads\/2014\/02\/cote_d_azur_2012-Nr.106.jpg\"><img loading=\"lazy\" decoding=\"async\" class=\"alignnone size-medium wp-image-2125\" alt=\"Exif_JPEG_PICTURE\" src=\"http:\/\/www.tobias-elsner.com\/wp-content\/uploads\/2014\/02\/cote_d_azur_2012-Nr.106-300x225.jpg\" width=\"300\" height=\"225\" srcset=\"https:\/\/www.tobias-elsner.com\/wp-content\/uploads\/2014\/02\/cote_d_azur_2012-Nr.106-300x225.jpg 300w, https:\/\/www.tobias-elsner.com\/wp-content\/uploads\/2014\/02\/cote_d_azur_2012-Nr.106-640x480.jpg 640w, https:\/\/www.tobias-elsner.com\/wp-content\/uploads\/2014\/02\/cote_d_azur_2012-Nr.106-780x585.jpg 780w, https:\/\/www.tobias-elsner.com\/wp-content\/uploads\/2014\/02\/cote_d_azur_2012-Nr.106.jpg 1024w\" sizes=\"auto, (max-width: 300px) 100vw, 300px\" \/><\/a> <a href=\"http:\/\/www.tobias-elsner.com\/wp-content\/uploads\/2014\/02\/cote_d_azur_2012-Nr.096.jpg\"><img loading=\"lazy\" decoding=\"async\" class=\"alignnone size-medium wp-image-2119\" alt=\"Exif_JPEG_PICTURE\" src=\"http:\/\/www.tobias-elsner.com\/wp-content\/uploads\/2014\/02\/cote_d_azur_2012-Nr.096-300x225.jpg\" width=\"300\" height=\"225\" srcset=\"https:\/\/www.tobias-elsner.com\/wp-content\/uploads\/2014\/02\/cote_d_azur_2012-Nr.096-300x225.jpg 300w, https:\/\/www.tobias-elsner.com\/wp-content\/uploads\/2014\/02\/cote_d_azur_2012-Nr.096-640x480.jpg 640w, https:\/\/www.tobias-elsner.com\/wp-content\/uploads\/2014\/02\/cote_d_azur_2012-Nr.096-780x585.jpg 780w, https:\/\/www.tobias-elsner.com\/wp-content\/uploads\/2014\/02\/cote_d_azur_2012-Nr.096.jpg 1024w\" sizes=\"auto, (max-width: 300px) 100vw, 300px\" \/><\/a> <a href=\"http:\/\/www.tobias-elsner.com\/wp-content\/uploads\/2014\/02\/cote_d_azur_2012-Nr.020.jpg\"><img loading=\"lazy\" decoding=\"async\" class=\"alignnone size-medium wp-image-2116\" alt=\"Exif_JPEG_PICTURE\" src=\"http:\/\/www.tobias-elsner.com\/wp-content\/uploads\/2014\/02\/cote_d_azur_2012-Nr.020-300x225.jpg\" width=\"300\" height=\"225\" srcset=\"https:\/\/www.tobias-elsner.com\/wp-content\/uploads\/2014\/02\/cote_d_azur_2012-Nr.020-300x225.jpg 300w, https:\/\/www.tobias-elsner.com\/wp-content\/uploads\/2014\/02\/cote_d_azur_2012-Nr.020-640x480.jpg 640w, https:\/\/www.tobias-elsner.com\/wp-content\/uploads\/2014\/02\/cote_d_azur_2012-Nr.020-780x585.jpg 780w, https:\/\/www.tobias-elsner.com\/wp-content\/uploads\/2014\/02\/cote_d_azur_2012-Nr.020.jpg 1024w\" sizes=\"auto, (max-width: 300px) 100vw, 300px\" \/><\/a><\/p>\n<p>&nbsp;<\/p>\n<p><strong>Mehr Bilder gibt es in der <a href=\"http:\/\/www.tobias-elsner.com\/wordpress\/?page_id=1436\">PHOTOGALLERY\/Motorrad<\/a><\/strong><\/p>\n","protected":false},"excerpt":{"rendered":"<p>Hallo zusammen, hier werden von Zeit zu Zeit einige Motorrad-Bilder gezeigt, die auf Touren oder Messen entstehen. Einige Galerien werden f\u00fcr alle sichtbar sein, aber es wird auch Passwort gesch\u00fctzte Seiten geben. Dieses Passwort wird von mir nur pers\u00f6nlich vergeben. &nbsp; Mehr Bilder gibt es in der PHOTOGALLERY\/Motorrad<\/p>\n","protected":false},"author":1,"featured_media":0,"parent":1436,"menu_order":0,"comment_status":"closed","ping_status":"open","template":"","meta":{"ngg_post_thumbnail":0,"footnotes":""},"class_list":["post-2059","page","type-page","status-publish","hentry"],"jetpack_shortlink":"https:\/\/wp.me\/P6pYr2-xd","jetpack_sharing_enabled":true,"_links":{"self":[{"href":"https:\/\/www.tobias-elsner.com\/index.php?rest_route=\/wp\/v2\/pages\/2059","targetHints":{"allow":["GET"]}}],"collection":[{"href":"https:\/\/www.tobias-elsner.com\/index.php?rest_route=\/wp\/v2\/pages"}],"about":[{"href":"https:\/\/www.tobias-elsner.com\/index.php?rest_route=\/wp\/v2\/types\/page"}],"author":[{"embeddable":true,"href":"https:\/\/www.tobias-elsner.com\/index.php?rest_route=\/wp\/v2\/users\/1"}],"replies":[{"embeddable":true,"href":"https:\/\/www.tobias-elsner.com\/index.php?rest_route=%2Fwp%2Fv2%2Fcomments&post=2059"}],"version-history":[{"count":7,"href":"https:\/\/www.tobias-elsner.com\/index.php?rest_route=\/wp\/v2\/pages\/2059\/revisions"}],"predecessor-version":[{"id":3072,"href":"https:\/\/www.tobias-elsner.com\/index.php?rest_route=\/wp\/v2\/pages\/2059\/revisions\/3072"}],"up":[{"embeddable":true,"href":"https:\/\/www.tobias-elsner.com\/index.php?rest_route=\/wp\/v2\/pages\/1436"}],"wp:attachment":[{"href":"https:\/\/www.tobias-elsner.com\/index.php?rest_route=%2Fwp%2Fv2%2Fmedia&parent=2059"}],"curies":[{"name":"wp","href":"https:\/\/api.w.org\/{rel}","templated":true}]}}